{"id":54,"date":"2022-09-12T16:48:31","date_gmt":"2022-09-12T14:48:31","guid":{"rendered":"https:\/\/jhprint3d.fr\/?page_id=54"},"modified":"2026-02-20T14:10:43","modified_gmt":"2026-02-20T13:10:43","slug":"page-daccueil","status":"publish","type":"page","link":"https:\/\/jhprint3d.fr\/","title":{"rendered":"Bienvenue"},"content":{"rendered":"\n\n\n\n\n\n\n<p><\/p>\n\n\n\n<p><\/p>\n\n\n\n<p><\/p>\n\n\n\n\n\n<p><\/p>\n\n\n\n\n\n\n\n\n\n\n\n\n\n\n\n<div class=\"wp-block-group\"><div class=\"wp-block-group__inner-container is-layout-flow wp-block-group-is-layout-flow\">\n<p class=\"has-medium-font-size\"><span style=\"text-decoration: underline;\">Voici mes derni\u00e8res impressions<\/span>:<\/p>\n\n\n\n<div class=\"wp-block-jetpack-slideshow\" data-autoplay=\"true\" data-delay=\"2\" data-effect=\"fade\" style=\"--aspect-ratio:calc(576 \/ 1024)\"><div class=\"wp-block-jetpack-slideshow_container swiper\"><ul class=\"wp-block-jetpack-slideshow_swiper-wrapper swiper-wrapper\"><li class=\"wp-block-jetpack-slideshow_slide swiper-slide\"><figure><img loading=\"lazy\" decoding=\"async\" width=\"576\" height=\"1024\" alt=\"\" class=\"wp-block-jetpack-slideshow_image wp-image-366\" data-id=\"366\" data-aspect-ratio=\"576 \/ 1024\" src=\"https:\/\/jhprint3d.fr\/wp-content\/uploads\/2023\/10\/image0000001-576x1024.jpg\" srcset=\"https:\/\/jhprint3d.fr\/wp-content\/uploads\/2023\/10\/image0000001-576x1024.jpg 576w, https:\/\/jhprint3d.fr\/wp-content\/uploads\/2023\/10\/image0000001-169x300.jpg 169w, https:\/\/jhprint3d.fr\/wp-content\/uploads\/2023\/10\/image0000001-768x1365.jpg 768w, https:\/\/jhprint3d.fr\/wp-content\/uploads\/2023\/10\/image0000001-864x1536.jpg 864w, https:\/\/jhprint3d.fr\/wp-content\/uploads\/2023\/10\/image0000001-416x740.jpg 416w, https:\/\/jhprint3d.fr\/wp-content\/uploads\/2023\/10\/image0000001.jpg 900w\" sizes=\"(max-width: 576px) 100vw, 576px\" \/><\/figure><\/li><li class=\"wp-block-jetpack-slideshow_slide swiper-slide\"><figure><img loading=\"lazy\" decoding=\"async\" width=\"1024\" height=\"967\" alt=\"\" class=\"wp-block-jetpack-slideshow_image wp-image-345\" data-id=\"345\" data-aspect-ratio=\"980 \/ 925\" src=\"https:\/\/jhprint3d.fr\/wp-content\/uploads\/2022\/10\/sonnette-cloche-2-1024x967.jpg\"\/><\/figure><\/li><li class=\"wp-block-jetpack-slideshow_slide swiper-slide\"><figure><img loading=\"lazy\" decoding=\"async\" width=\"1024\" height=\"461\" alt=\"\" class=\"wp-block-jetpack-slideshow_image wp-image-169\" data-id=\"169\" data-aspect-ratio=\"980 \/ 441\" src=\"https:\/\/jhprint3d.fr\/wp-content\/uploads\/2022\/09\/1663337044407-1024x461.jpg\" srcset=\"https:\/\/jhprint3d.fr\/wp-content\/uploads\/2022\/09\/1663337044407-1024x461.jpg 1024w, https:\/\/jhprint3d.fr\/wp-content\/uploads\/2022\/09\/1663337044407-300x135.jpg 300w, https:\/\/jhprint3d.fr\/wp-content\/uploads\/2022\/09\/1663337044407-768x346.jpg 768w, https:\/\/jhprint3d.fr\/wp-content\/uploads\/2022\/09\/1663337044407-1536x691.jpg 1536w, https:\/\/jhprint3d.fr\/wp-content\/uploads\/2022\/09\/1663337044407-2048x922.jpg 2048w, https:\/\/jhprint3d.fr\/wp-content\/uploads\/2022\/09\/1663337044407-416x187.jpg 416w\" sizes=\"(max-width: 1024px) 100vw, 1024px\" \/><\/figure><\/li><li class=\"wp-block-jetpack-slideshow_slide swiper-slide\"><figure><img loading=\"lazy\" decoding=\"async\" width=\"1024\" height=\"787\" alt=\"\" class=\"wp-block-jetpack-slideshow_image wp-image-122\" data-id=\"122\" data-aspect-ratio=\"980 \/ 753\" src=\"https:\/\/jhprint3d.fr\/wp-content\/uploads\/2022\/09\/bebe-dort-face-1024x787.jpg\" srcset=\"https:\/\/jhprint3d.fr\/wp-content\/uploads\/2022\/09\/bebe-dort-face-1024x787.jpg 1024w, https:\/\/jhprint3d.fr\/wp-content\/uploads\/2022\/09\/bebe-dort-face-300x231.jpg 300w, https:\/\/jhprint3d.fr\/wp-content\/uploads\/2022\/09\/bebe-dort-face-768x590.jpg 768w, https:\/\/jhprint3d.fr\/wp-content\/uploads\/2022\/09\/bebe-dort-face-1536x1180.jpg 1536w, https:\/\/jhprint3d.fr\/wp-content\/uploads\/2022\/09\/bebe-dort-face-2048x1574.jpg 2048w, https:\/\/jhprint3d.fr\/wp-content\/uploads\/2022\/09\/bebe-dort-face-416x320.jpg 416w\" sizes=\"(max-width: 1024px) 100vw, 1024px\" \/><\/figure><\/li><li class=\"wp-block-jetpack-slideshow_slide swiper-slide\"><figure><img loading=\"lazy\" decoding=\"async\" width=\"768\" height=\"1024\" alt=\"\" class=\"wp-block-jetpack-slideshow_image wp-image-368\" data-id=\"368\" data-aspect-ratio=\"768 \/ 1024\" src=\"https:\/\/jhprint3d.fr\/wp-content\/uploads\/2023\/10\/IMG_20231009_175152-768x1024.jpg\" srcset=\"https:\/\/jhprint3d.fr\/wp-content\/uploads\/2023\/10\/IMG_20231009_175152-768x1024.jpg 768w, https:\/\/jhprint3d.fr\/wp-content\/uploads\/2023\/10\/IMG_20231009_175152-225x300.jpg 225w, https:\/\/jhprint3d.fr\/wp-content\/uploads\/2023\/10\/IMG_20231009_175152-1152x1536.jpg 1152w, https:\/\/jhprint3d.fr\/wp-content\/uploads\/2023\/10\/IMG_20231009_175152-1536x2048.jpg 1536w, https:\/\/jhprint3d.fr\/wp-content\/uploads\/2023\/10\/IMG_20231009_175152-416x555.jpg 416w, https:\/\/jhprint3d.fr\/wp-content\/uploads\/2023\/10\/IMG_20231009_175152-scaled.jpg 1920w\" sizes=\"(max-width: 768px) 100vw, 768px\" \/><\/figure><\/li><li class=\"wp-block-jetpack-slideshow_slide swiper-slide\"><figure><img loading=\"lazy\" decoding=\"async\" width=\"762\" height=\"1024\" alt=\"\" class=\"wp-block-jetpack-slideshow_image wp-image-172\" data-id=\"172\" data-aspect-ratio=\"762 \/ 1024\" src=\"https:\/\/jhprint3d.fr\/wp-content\/uploads\/2022\/09\/tetra-2-762x1024.jpg\" srcset=\"https:\/\/jhprint3d.fr\/wp-content\/uploads\/2022\/09\/tetra-2-762x1024.jpg 762w, https:\/\/jhprint3d.fr\/wp-content\/uploads\/2022\/09\/tetra-2-223x300.jpg 223w, https:\/\/jhprint3d.fr\/wp-content\/uploads\/2022\/09\/tetra-2-768x1032.jpg 768w, https:\/\/jhprint3d.fr\/wp-content\/uploads\/2022\/09\/tetra-2-416x559.jpg 416w, https:\/\/jhprint3d.fr\/wp-content\/uploads\/2022\/09\/tetra-2.jpg 998w\" sizes=\"(max-width: 762px) 100vw, 762px\" \/><\/figure><\/li><li class=\"wp-block-jetpack-slideshow_slide swiper-slide\"><figure><img loading=\"lazy\" decoding=\"async\" width=\"1024\" height=\"576\" alt=\"\" class=\"wp-block-jetpack-slideshow_image wp-image-184\" data-id=\"184\" data-aspect-ratio=\"980 \/ 551\" src=\"https:\/\/jhprint3d.fr\/wp-content\/uploads\/2022\/09\/IMG_20220717_211645-1024x576.jpg\" srcset=\"https:\/\/jhprint3d.fr\/wp-content\/uploads\/2022\/09\/IMG_20220717_211645-1024x576.jpg 1024w, https:\/\/jhprint3d.fr\/wp-content\/uploads\/2022\/09\/IMG_20220717_211645-300x169.jpg 300w, https:\/\/jhprint3d.fr\/wp-content\/uploads\/2022\/09\/IMG_20220717_211645-768x432.jpg 768w, https:\/\/jhprint3d.fr\/wp-content\/uploads\/2022\/09\/IMG_20220717_211645-1536x864.jpg 1536w, https:\/\/jhprint3d.fr\/wp-content\/uploads\/2022\/09\/IMG_20220717_211645-2048x1152.jpg 2048w, https:\/\/jhprint3d.fr\/wp-content\/uploads\/2022\/09\/IMG_20220717_211645-416x234.jpg 416w\" sizes=\"(max-width: 1024px) 100vw, 1024px\" \/><\/figure><\/li><li class=\"wp-block-jetpack-slideshow_slide swiper-slide\"><figure><img loading=\"lazy\" decoding=\"async\" width=\"768\" height=\"1024\" alt=\"\" class=\"wp-block-jetpack-slideshow_image wp-image-371\" data-id=\"371\" data-aspect-ratio=\"768 \/ 1024\" src=\"https:\/\/jhprint3d.fr\/wp-content\/uploads\/2023\/10\/IMG_20231009_174444-768x1024.jpg\" srcset=\"https:\/\/jhprint3d.fr\/wp-content\/uploads\/2023\/10\/IMG_20231009_174444-768x1024.jpg 768w, https:\/\/jhprint3d.fr\/wp-content\/uploads\/2023\/10\/IMG_20231009_174444-225x300.jpg 225w, https:\/\/jhprint3d.fr\/wp-content\/uploads\/2023\/10\/IMG_20231009_174444-1152x1536.jpg 1152w, https:\/\/jhprint3d.fr\/wp-content\/uploads\/2023\/10\/IMG_20231009_174444-1536x2048.jpg 1536w, https:\/\/jhprint3d.fr\/wp-content\/uploads\/2023\/10\/IMG_20231009_174444-416x555.jpg 416w, https:\/\/jhprint3d.fr\/wp-content\/uploads\/2023\/10\/IMG_20231009_174444-scaled.jpg 1920w\" sizes=\"(max-width: 768px) 100vw, 768px\" \/><\/figure><\/li><li class=\"wp-block-jetpack-slideshow_slide swiper-slide\"><figure><img loading=\"lazy\" decoding=\"async\" width=\"768\" height=\"1024\" alt=\"\" class=\"wp-block-jetpack-slideshow_image wp-image-373\" data-id=\"373\" data-aspect-ratio=\"768 \/ 1024\" src=\"https:\/\/jhprint3d.fr\/wp-content\/uploads\/2023\/10\/IMG_20231009_173517-768x1024.jpg\" srcset=\"https:\/\/jhprint3d.fr\/wp-content\/uploads\/2023\/10\/IMG_20231009_173517-768x1024.jpg 768w, https:\/\/jhprint3d.fr\/wp-content\/uploads\/2023\/10\/IMG_20231009_173517-225x300.jpg 225w, https:\/\/jhprint3d.fr\/wp-content\/uploads\/2023\/10\/IMG_20231009_173517-1152x1536.jpg 1152w, https:\/\/jhprint3d.fr\/wp-content\/uploads\/2023\/10\/IMG_20231009_173517-1536x2048.jpg 1536w, https:\/\/jhprint3d.fr\/wp-content\/uploads\/2023\/10\/IMG_20231009_173517-416x555.jpg 416w, https:\/\/jhprint3d.fr\/wp-content\/uploads\/2023\/10\/IMG_20231009_173517-scaled.jpg 1920w\" sizes=\"(max-width: 768px) 100vw, 768px\" \/><\/figure><\/li><li class=\"wp-block-jetpack-slideshow_slide swiper-slide\"><figure><img loading=\"lazy\" decoding=\"async\" width=\"1024\" height=\"768\" alt=\"\" class=\"wp-block-jetpack-slideshow_image wp-image-384\" data-id=\"384\" data-aspect-ratio=\"980 \/ 735\" src=\"https:\/\/jhprint3d.fr\/wp-content\/uploads\/2026\/02\/IMG_20251025_024935-1024x768.jpg\" srcset=\"https:\/\/jhprint3d.fr\/wp-content\/uploads\/2026\/02\/IMG_20251025_024935-1024x768.jpg 1024w, https:\/\/jhprint3d.fr\/wp-content\/uploads\/2026\/02\/IMG_20251025_024935-300x225.jpg 300w, https:\/\/jhprint3d.fr\/wp-content\/uploads\/2026\/02\/IMG_20251025_024935-768x576.jpg 768w, https:\/\/jhprint3d.fr\/wp-content\/uploads\/2026\/02\/IMG_20251025_024935-1536x1152.jpg 1536w, https:\/\/jhprint3d.fr\/wp-content\/uploads\/2026\/02\/IMG_20251025_024935-2048x1536.jpg 2048w, https:\/\/jhprint3d.fr\/wp-content\/uploads\/2026\/02\/IMG_20251025_024935-416x312.jpg 416w\" sizes=\"(max-width: 1024px) 100vw, 1024px\" \/><\/figure><\/li><li class=\"wp-block-jetpack-slideshow_slide swiper-slide\"><figure><img loading=\"lazy\" decoding=\"async\" width=\"1024\" height=\"768\" alt=\"\" class=\"wp-block-jetpack-slideshow_image wp-image-385\" data-id=\"385\" data-aspect-ratio=\"980 \/ 735\" src=\"https:\/\/jhprint3d.fr\/wp-content\/uploads\/2026\/02\/IMG_20260218_131745-1024x768.jpg\" srcset=\"https:\/\/jhprint3d.fr\/wp-content\/uploads\/2026\/02\/IMG_20260218_131745-1024x768.jpg 1024w, https:\/\/jhprint3d.fr\/wp-content\/uploads\/2026\/02\/IMG_20260218_131745-300x225.jpg 300w, https:\/\/jhprint3d.fr\/wp-content\/uploads\/2026\/02\/IMG_20260218_131745-768x576.jpg 768w, https:\/\/jhprint3d.fr\/wp-content\/uploads\/2026\/02\/IMG_20260218_131745-1536x1152.jpg 1536w, https:\/\/jhprint3d.fr\/wp-content\/uploads\/2026\/02\/IMG_20260218_131745-2048x1536.jpg 2048w, https:\/\/jhprint3d.fr\/wp-content\/uploads\/2026\/02\/IMG_20260218_131745-416x312.jpg 416w\" sizes=\"(max-width: 1024px) 100vw, 1024px\" \/><\/figure><\/li><li class=\"wp-block-jetpack-slideshow_slide swiper-slide\"><figure><img loading=\"lazy\" decoding=\"async\" width=\"768\" height=\"1024\" alt=\"\" class=\"wp-block-jetpack-slideshow_image wp-image-386\" data-id=\"386\" data-aspect-ratio=\"768 \/ 1024\" src=\"https:\/\/jhprint3d.fr\/wp-content\/uploads\/2026\/02\/IMG_20260217_000724-768x1024.jpg\" srcset=\"https:\/\/jhprint3d.fr\/wp-content\/uploads\/2026\/02\/IMG_20260217_000724-768x1024.jpg 768w, https:\/\/jhprint3d.fr\/wp-content\/uploads\/2026\/02\/IMG_20260217_000724-225x300.jpg 225w, https:\/\/jhprint3d.fr\/wp-content\/uploads\/2026\/02\/IMG_20260217_000724-1152x1536.jpg 1152w, https:\/\/jhprint3d.fr\/wp-content\/uploads\/2026\/02\/IMG_20260217_000724-1536x2048.jpg 1536w, https:\/\/jhprint3d.fr\/wp-content\/uploads\/2026\/02\/IMG_20260217_000724-416x555.jpg 416w, https:\/\/jhprint3d.fr\/wp-content\/uploads\/2026\/02\/IMG_20260217_000724-scaled.jpg 1920w\" sizes=\"(max-width: 768px) 100vw, 768px\" \/><\/figure><\/li><li class=\"wp-block-jetpack-slideshow_slide swiper-slide\"><figure><img loading=\"lazy\" decoding=\"async\" width=\"768\" height=\"1024\" alt=\"\" class=\"wp-block-jetpack-slideshow_image wp-image-387\" data-id=\"387\" data-aspect-ratio=\"768 \/ 1024\" src=\"https:\/\/jhprint3d.fr\/wp-content\/uploads\/2026\/02\/IMG_20260215_231304-768x1024.jpg\" srcset=\"https:\/\/jhprint3d.fr\/wp-content\/uploads\/2026\/02\/IMG_20260215_231304-768x1024.jpg 768w, https:\/\/jhprint3d.fr\/wp-content\/uploads\/2026\/02\/IMG_20260215_231304-225x300.jpg 225w, https:\/\/jhprint3d.fr\/wp-content\/uploads\/2026\/02\/IMG_20260215_231304-1152x1536.jpg 1152w, https:\/\/jhprint3d.fr\/wp-content\/uploads\/2026\/02\/IMG_20260215_231304-1536x2048.jpg 1536w, https:\/\/jhprint3d.fr\/wp-content\/uploads\/2026\/02\/IMG_20260215_231304-416x555.jpg 416w, https:\/\/jhprint3d.fr\/wp-content\/uploads\/2026\/02\/IMG_20260215_231304-scaled.jpg 1920w\" sizes=\"(max-width: 768px) 100vw, 768px\" \/><\/figure><\/li><\/ul><a class=\"wp-block-jetpack-slideshow_button-prev swiper-button-prev swiper-button-white\" role=\"button\"><\/a><a class=\"wp-block-jetpack-slideshow_button-next swiper-button-next swiper-button-white\" role=\"button\"><\/a><a aria-label=\"Pause Slideshow\" class=\"wp-block-jetpack-slideshow_button-pause\" role=\"button\"><\/a><div class=\"wp-block-jetpack-slideshow_pagination swiper-pagination swiper-pagination-white\"><\/div><\/div><\/div>\n<\/div><\/div>\n\n\n\n<p><\/p>\n\n\n\n<p>Avec une forte demande et plus de 1M de vues sur Tiktok, je vous propose le produit id\u00e9al pour la tranquillit\u00e9 du sommeil des petits. <\/p>\n\n\n\n<p><a href=\"https:\/\/cults3d.com\/fr\/mod%C3%A8le-3d\/maison\/cache-sonnette-bebe-dort\">https:\/\/cults3d.com\/fr\/mod%C3%A8le-3d\/maison\/cache-sonnette-bebe-dort<\/a><\/p>\n\n\n\n<figure class=\"wp-block-embed is-type-video is-provider-tiktok wp-block-embed-tiktok\"><div class=\"wp-block-embed__wrapper\">\n<blockquote class=\"tiktok-embed\" cite=\"https:\/\/www.tiktok.com\/@jhprint3d.celass78\/video\/7140685737443331333\" data-video-id=\"7140685737443331333\" data-embed-from=\"oembed\" style=\"max-width:605px; min-width:325px;\"> <section> <a target=\"_blank\" title=\"@jhprint3d.celass78\" href=\"https:\/\/www.tiktok.com\/@jhprint3d.celass78?refer=embed\">@jhprint3d.celass78<\/a> <p>simple et efficace <a title=\"impression\" target=\"_blank\" href=\"https:\/\/www.tiktok.com\/tag\/impression?refer=embed\">#impression<\/a> <a title=\"3dprint\" target=\"_blank\" href=\"https:\/\/www.tiktok.com\/tag\/3dprint?refer=embed\">#3dprint<\/a> <a title=\"3d\" target=\"_blank\" href=\"https:\/\/www.tiktok.com\/tag\/3d?refer=embed\">#3d<\/a> <a title=\"imprimante3d\" target=\"_blank\" href=\"https:\/\/www.tiktok.com\/tag\/imprimante3d?refer=embed\">#imprimante3d<\/a> <a title=\"3dprinting\" target=\"_blank\" href=\"https:\/\/www.tiktok.com\/tag\/3dprinting?refer=embed\">#3dprinting<\/a> <a title=\"3dfilament\" target=\"_blank\" href=\"https:\/\/www.tiktok.com\/tag\/3dfilament?refer=embed\">#3dfilament<\/a> <a title=\"baby\" target=\"_blank\" href=\"https:\/\/www.tiktok.com\/tag\/baby?refer=embed\">#baby<\/a> <a title=\"assistantematernelle\" target=\"_blank\" href=\"https:\/\/www.tiktok.com\/tag\/assistantematernelle?refer=embed\">#assistantematernelle<\/a> @M\u00e9lody <\/p> <a target=\"_blank\" title=\"\u266c Rock and Roll Session - Canal Records JP\" href=\"https:\/\/www.tiktok.com\/music\/Rock-and-Roll-Session-6817422635597563905?refer=embed\">\u266c Rock and Roll Session &#8211; Canal Records JP<\/a> <\/section> <\/blockquote> <script async src=\"https:\/\/www.tiktok.com\/embed.js\"><\/script>\n<\/div><\/figure>\n\n\n\n<hr class=\"wp-block-separator has-alpha-channel-opacity\"\/>\n\n\n\n<div class=\"wp-block-group\"><div class=\"wp-block-group__inner-container is-layout-flow wp-block-group-is-layout-flow\">\n<div class=\"wp-block-columns is-layout-flex wp-container-core-columns-is-layout-9d6595d7 wp-block-columns-is-layout-flex\">\n<div class=\"wp-block-column is-layout-flow wp-block-column-is-layout-flow\" style=\"flex-basis:100%\">\n<div class=\"wp-block-group\"><div class=\"wp-block-group__inner-container is-layout-flow wp-block-group-is-layout-flow\"><\/div><\/div>\n<\/div>\n<\/div>\n<\/div><\/div>\n","protected":false},"excerpt":{"rendered":"<p>Vous avez une pi\u00e8ce cass\u00e9e qui n&rsquo;est plus commercialis\u00e9e, une envie d&rsquo;une figurine, d&rsquo;un jouet ou de r\u00e9aliser un prototype de votre projet? L&rsquo;impression 3D est la bonne solution. Voici mes derni\u00e8res impressions: Avec une forte demande et plus de 1M de vues sur Tiktok, je vous propose le produit id\u00e9al pour la tranquillit\u00e9 du [&hellip;]<\/p>\n","protected":false},"author":1,"featured_media":0,"parent":0,"menu_order":0,"comment_status":"closed","ping_status":"closed","template":"template-fullwidth.php","meta":{"footnotes":""},"class_list":["post-54","page","type-page","status-publish","hentry"],"jetpack_sharing_enabled":true,"_links":{"self":[{"href":"https:\/\/jhprint3d.fr\/index.php\/wp-json\/wp\/v2\/pages\/54","targetHints":{"allow":["GET"]}}],"collection":[{"href":"https:\/\/jhprint3d.fr\/index.php\/wp-json\/wp\/v2\/pages"}],"about":[{"href":"https:\/\/jhprint3d.fr\/index.php\/wp-json\/wp\/v2\/types\/page"}],"author":[{"embeddable":true,"href":"https:\/\/jhprint3d.fr\/index.php\/wp-json\/wp\/v2\/users\/1"}],"replies":[{"embeddable":true,"href":"https:\/\/jhprint3d.fr\/index.php\/wp-json\/wp\/v2\/comments?post=54"}],"version-history":[{"count":44,"href":"https:\/\/jhprint3d.fr\/index.php\/wp-json\/wp\/v2\/pages\/54\/revisions"}],"predecessor-version":[{"id":392,"href":"https:\/\/jhprint3d.fr\/index.php\/wp-json\/wp\/v2\/pages\/54\/revisions\/392"}],"wp:attachment":[{"href":"https:\/\/jhprint3d.fr\/index.php\/wp-json\/wp\/v2\/media?parent=54"}],"curies":[{"name":"wp","href":"https:\/\/api.w.org\/{rel}","templated":true}]}}