{"id":340,"date":"2022-10-13T14:09:21","date_gmt":"2022-10-13T12:09:21","guid":{"rendered":"https:\/\/jhprint3d.fr\/?page_id=340"},"modified":"2022-10-13T14:11:14","modified_gmt":"2022-10-13T12:11:14","slug":"liens-utiles","status":"publish","type":"page","link":"https:\/\/jhprint3d.fr\/index.php\/liens-utiles\/","title":{"rendered":"Liens utiles"},"content":{"rendered":"\n<p class=\"has-medium-font-size\"><span style=\"text-decoration: underline;\">Pour rechercher le mod\u00e8le 3D que vous voulez si il existe d\u00e9j\u00e0:<\/span><\/p>\n\n\n\n<p><a href=\"http:\/\/www.youmagine.com\" data-type=\"URL\" data-id=\"www.youmagine.com\">www.youmagine.com<\/a><\/p>\n\n\n\n<p><a href=\"http:\/\/www.thingiverse.com\" data-type=\"URL\" data-id=\"www.thingiverse.com\">www.thingiverse.com<\/a><\/p>\n\n\n\n<p><a href=\"http:\/\/www.cult3d.com\/fr\" data-type=\"URL\" data-id=\"www.cult3d.com\/fr\">www.cult3d.com\/fr<\/a><\/p>\n\n\n\n<p><a href=\"http:\/\/www.printables.com\" data-type=\"URL\" data-id=\"www.printables.com\">www.printables.com<\/a><\/p>\n\n\n\n<p><a href=\"https:\/\/www.myminifactory.com\/\">https:\/\/www.myminifactory.com\/<\/a><\/p>\n","protected":false},"excerpt":{"rendered":"<p>Pour rechercher le mod\u00e8le 3D que vous voulez si il existe d\u00e9j\u00e0: www.youmagine.com www.thingiverse.com www.cult3d.com\/fr www.printables.com https:\/\/www.myminifactory.com\/<\/p>\n","protected":false},"author":1,"featured_media":0,"parent":0,"menu_order":0,"comment_status":"closed","ping_status":"closed","template":"template-fullwidth.php","meta":{"footnotes":""},"class_list":["post-340","page","type-page","status-publish","hentry"],"jetpack_sharing_enabled":true,"_links":{"self":[{"href":"https:\/\/jhprint3d.fr\/index.php\/wp-json\/wp\/v2\/pages\/340","targetHints":{"allow":["GET"]}}],"collection":[{"href":"https:\/\/jhprint3d.fr\/index.php\/wp-json\/wp\/v2\/pages"}],"about":[{"href":"https:\/\/jhprint3d.fr\/index.php\/wp-json\/wp\/v2\/types\/page"}],"author":[{"embeddable":true,"href":"https:\/\/jhprint3d.fr\/index.php\/wp-json\/wp\/v2\/users\/1"}],"replies":[{"embeddable":true,"href":"https:\/\/jhprint3d.fr\/index.php\/wp-json\/wp\/v2\/comments?post=340"}],"version-history":[{"count":2,"href":"https:\/\/jhprint3d.fr\/index.php\/wp-json\/wp\/v2\/pages\/340\/revisions"}],"predecessor-version":[{"id":342,"href":"https:\/\/jhprint3d.fr\/index.php\/wp-json\/wp\/v2\/pages\/340\/revisions\/342"}],"wp:attachment":[{"href":"https:\/\/jhprint3d.fr\/index.php\/wp-json\/wp\/v2\/media?parent=340"}],"curies":[{"name":"wp","href":"https:\/\/api.w.org\/{rel}","templated":true}]}}